{"id":4115,"date":"2024-03-04T14:32:00","date_gmt":"2024-03-04T13:32:00","guid":{"rendered":"https:\/\/www.the-social-club.com\/?page_id=4115"},"modified":"2024-03-07T16:00:03","modified_gmt":"2024-03-07T15:00:03","slug":"farming-social-club","status":"publish","type":"page","link":"https:\/\/www.the-social-club.com\/en\/farming-social-club\/","title":{"rendered":"Farming Social Club"},"content":{"rendered":"<div data-elementor-type=\"wp-page\" data-elementor-id=\"4115\" class=\"elementor elementor-4115\" data-elementor-post-type=\"page\">\n\t\t\t\t<div class=\"elementor-element elementor-element-0837eb2 e-con-full e-flex e-con e-parent\" data-id=\"0837eb2\" data-element_type=\"container\" data-settings=\"{&quot;background_background&quot;:&quot;classic&quot;}\">\n\t\t<div class=\"elementor-element elementor-element-b947bd9 e-con-full e-flex e-con e-child\" data-id=\"b947bd9\" data-element_type=\"container\">\n\t\t\t\t<div class=\"elementor-element elementor-element-834d4e6 animation-title-hero elementor-widget elementor-widget-heading\" data-id=\"834d4e6\" data-element_type=\"widget\" data-widget_type=\"heading.default\">\n\t\t\t\t<div class=\"elementor-widget-container\">\n\t\t\t\t\t<h1 class=\"elementor-heading-title elementor-size-default\">Farming Social Club<\/h1>\t\t\t\t<\/div>\n\t\t\t\t<\/div>\n\t\t<div class=\"elementor-element elementor-element-df3495c e-con-full polygon-header e-flex e-con e-child\" data-id=\"df3495c\" data-element_type=\"container\" data-settings=\"{&quot;background_background&quot;:&quot;classic&quot;}\">\n\t\t\t\t<div class=\"elementor-element elementor-element-9b69ddb elementor-view-default elementor-widget elementor-widget-icon\" data-id=\"9b69ddb\" data-element_type=\"widget\" data-widget_type=\"icon.default\">\n\t\t\t\t<div class=\"elementor-widget-container\">\n\t\t\t\t\t\t\t<div class=\"elementor-icon-wrapper\">\n\t\t\t<a class=\"elementor-icon\" href=\"#first-content\">\n\t\t\t<svg xmlns=\"http:\/\/www.w3.org\/2000\/svg\" viewbox=\"0 0 23.189 23.438\"><g fill=\"none\" stroke=\"#9d8552\" data-name=\"Groupe 227\"><path d=\"M11.595 22.877V0\" data-name=\"Ligne 670\"><\/path><path d=\"M22.836 11.491 11.595 22.732.354 11.491\" data-name=\"Trac&#xE9; 100\"><\/path><\/g><\/svg>\t\t\t<\/a>\n\t\t<\/div>\n\t\t\t\t\t\t<\/div>\n\t\t\t\t<\/div>\n\t\t\t\t<\/div>\n\t\t\t\t<\/div>\n\t\t\t\t<\/div>\n\t\t<div class=\"elementor-element elementor-element-f6625ce e-con-full e-flex e-con e-parent\" data-id=\"f6625ce\" data-element_type=\"container\" id=\"first-content\" data-settings=\"{&quot;background_background&quot;:&quot;classic&quot;}\">\n\t\t<div class=\"elementor-element elementor-element-914dfda e-con-full e-flex e-con e-child\" data-id=\"914dfda\" data-element_type=\"container\">\n\t\t<div class=\"elementor-element elementor-element-5334ae6 e-con-full moving-content e-flex e-con e-child\" data-id=\"5334ae6\" data-element_type=\"container\">\n\t\t\t\t<div class=\"elementor-element elementor-element-faf3e1b elementor-widget__width-initial elementor-widget elementor-widget-text-editor\" data-id=\"faf3e1b\" data-element_type=\"widget\" data-widget_type=\"text-editor.default\">\n\t\t\t\t<div class=\"elementor-widget-container\">\n\t\t\t\t\t\t\t\t\t<p>Farming Social Club was born out of a crazy dream: to promote the riches of our terroirs, to bring out the best in what we produce ourselves. We've always been committed to local, sustainable farming, quality agriculture and the preservation of biodiversity, and today we're proud to be able to showcase the fruits of our own production for our guests to discover.<\/p>\t\t\t\t\t\t\t\t<\/div>\n\t\t\t\t<\/div>\n\t\t\t\t<\/div>\n\t\t\t\t<\/div>\n\t\t\t\t<\/div>\n\t\t<div class=\"elementor-element elementor-element-71809ea e-con-full e-flex e-con e-parent\" data-id=\"71809ea\" data-element_type=\"container\" data-settings=\"{&quot;background_background&quot;:&quot;classic&quot;}\">\n\t\t<div class=\"elementor-element elementor-element-ae8e598 e-con-full e-flex e-con e-child\" data-id=\"ae8e598\" data-element_type=\"container\">\n\t\t<div class=\"elementor-element elementor-element-45195f6 e-con-full moving-content e-flex e-con e-child\" data-id=\"45195f6\" data-element_type=\"container\">\n\t\t\t\t<div class=\"elementor-element elementor-element-9724791 elementor-widget__width-initial elementor-absolute elementor-widget elementor-widget-image\" data-id=\"9724791\" data-element_type=\"widget\" data-settings=\"{&quot;_position&quot;:&quot;absolute&quot;}\" data-widget_type=\"image.default\">\n\t\t\t\t<div class=\"elementor-widget-container\">\n\t\t\t\t\t\t\t\t\t\t\t\t\t\t\t<img fetchpriority=\"high\" decoding=\"async\" width=\"434\" height=\"396\" src=\"https:\/\/www.the-social-club.com\/wp-content\/uploads\/2023\/11\/tampon.png\" class=\"attachment-full size-full wp-image-205\" alt=\"\" srcset=\"https:\/\/www.the-social-club.com\/wp-content\/uploads\/2023\/11\/tampon.png 434w, https:\/\/www.the-social-club.com\/wp-content\/uploads\/2023\/11\/tampon-300x274.png 300w, https:\/\/www.the-social-club.com\/wp-content\/uploads\/2023\/11\/tampon-13x12.png 13w\" sizes=\"(max-width: 434px) 100vw, 434px\" title=\"\">\t\t\t\t\t\t\t\t\t\t\t\t\t\t\t<\/div>\n\t\t\t\t<\/div>\n\t\t<div class=\"elementor-element elementor-element-4deec73 e-con-full e-flex e-con e-child\" data-id=\"4deec73\" data-element_type=\"container\" data-settings=\"{&quot;background_background&quot;:&quot;classic&quot;}\">\n\t\t\t\t<div class=\"elementor-element elementor-element-75a18d5 elementor-widget__width-initial img-max-height elementor-widget elementor-widget-image\" data-id=\"75a18d5\" data-element_type=\"widget\" data-widget_type=\"image.default\">\n\t\t\t\t<div class=\"elementor-widget-container\">\n\t\t\t\t\t\t\t\t\t\t\t\t\t\t\t<img decoding=\"async\" width=\"1707\" height=\"2560\" src=\"https:\/\/www.the-social-club.com\/wp-content\/uploads\/2024\/03\/IMG_3441-scaled.jpeg\" class=\"attachment-full size-full wp-image-4246\" alt=\"\" srcset=\"https:\/\/www.the-social-club.com\/wp-content\/uploads\/2024\/03\/IMG_3441-scaled.jpeg 1707w, https:\/\/www.the-social-club.com\/wp-content\/uploads\/2024\/03\/IMG_3441-200x300.jpeg 200w, https:\/\/www.the-social-club.com\/wp-content\/uploads\/2024\/03\/IMG_3441-683x1024.jpeg 683w, https:\/\/www.the-social-club.com\/wp-content\/uploads\/2024\/03\/IMG_3441-768x1152.jpeg 768w, https:\/\/www.the-social-club.com\/wp-content\/uploads\/2024\/03\/IMG_3441-1024x1536.jpeg 1024w, https:\/\/www.the-social-club.com\/wp-content\/uploads\/2024\/03\/IMG_3441-1365x2048.jpeg 1365w, https:\/\/www.the-social-club.com\/wp-content\/uploads\/2024\/03\/IMG_3441-8x12.jpeg 8w\" sizes=\"(max-width: 1707px) 100vw, 1707px\" title=\"\">\t\t\t\t\t\t\t\t\t\t\t\t\t\t\t<\/div>\n\t\t\t\t<\/div>\n\t\t<div class=\"elementor-element elementor-element-8eb5276 e-con-full e-flex e-con e-child\" data-id=\"8eb5276\" data-element_type=\"container\">\n\t\t\t\t<div class=\"elementor-element elementor-element-20a5125 elementor-widget elementor-widget-heading\" data-id=\"20a5125\" data-element_type=\"widget\" data-widget_type=\"heading.default\">\n\t\t\t\t<div class=\"elementor-widget-container\">\n\t\t\t\t\t<span class=\"elementor-heading-title elementor-size-default\">A <i>vineyard <\/i>Dr\u00f4mois<\/span>\t\t\t\t<\/div>\n\t\t\t\t<\/div>\n\t\t\t\t<div class=\"elementor-element elementor-element-67f84f7 elementor-widget__width-initial elementor-widget elementor-widget-text-editor\" data-id=\"67f84f7\" data-element_type=\"widget\" data-widget_type=\"text-editor.default\">\n\t\t\t\t<div class=\"elementor-widget-container\">\n\t\t\t\t\t\t\t\t\t<p>In the heart of the Dr\u00f4me Proven\u00e7ale, one of the residences in The Social Club collection boasts a rare wealth of treasures. Ch\u00e2teau Les Oliviers de Salettes also owes part of its majestic landscape to two hectares of vines located at the very entrance to the estate.\u00a0<span style=\"color: var( --e-global-color-text ); font-family: var( --e-global-typography-text-font-family ), Sans-serif; font-size: var( --e-global-typography-text-font-size ); font-style: var( --e-global-typography-text-font-style ); font-weight: var( --e-global-typography-text-font-weight ); text-transform: var( --e-global-typography-text-text-transform ); text-align: var(--text-align); background-color: var( --e-global-color-accent );\">Two grape varieties are blended here, Viognier and Chardonnay.\u00a0<\/span><span style=\"color: var( --e-global-color-text ); font-family: var( --e-global-typography-text-font-family ), Sans-serif; font-size: var( --e-global-typography-text-font-size ); font-style: var( --e-global-typography-text-font-style ); font-weight: var( --e-global-typography-text-font-weight ); text-transform: var( --e-global-typography-text-text-transform ); text-align: var(--text-align); background-color: var( --e-global-color-accent );\">An invitation to a perfect country stroll that also reveals a picturesque view of one of the symbols of the French art of living, its wine heritage.<\/span><\/p>\t\t\t\t\t\t\t\t<\/div>\n\t\t\t\t<\/div>\n\t\t\t\t<\/div>\n\t\t\t\t<\/div>\n\t\t\t\t<\/div>\n\t\t<div class=\"elementor-element elementor-element-f045dee e-con-full moving-content e-flex e-con e-child\" data-id=\"f045dee\" data-element_type=\"container\" data-settings=\"{&quot;background_background&quot;:&quot;classic&quot;}\">\n\t\t<div class=\"elementor-element elementor-element-cc4e2ca e-con-full e-flex e-con e-child\" data-id=\"cc4e2ca\" data-element_type=\"container\">\n\t\t\t\t<div class=\"elementor-element elementor-element-92cb783 elementor-widget elementor-widget-heading\" data-id=\"92cb783\" data-element_type=\"widget\" data-widget_type=\"heading.default\">\n\t\t\t\t<div class=\"elementor-widget-container\">\n\t\t\t\t\t<span class=\"elementor-heading-title elementor-size-default\">Fields of <i>lavand<\/i>e<\/span>\t\t\t\t<\/div>\n\t\t\t\t<\/div>\n\t\t\t\t<div class=\"elementor-element elementor-element-6ea613a elementor-widget__width-initial elementor-widget elementor-widget-text-editor\" data-id=\"6ea613a\" data-element_type=\"widget\" data-widget_type=\"text-editor.default\">\n\t\t\t\t<div class=\"elementor-widget-container\">\n\t\t\t\t\t\t\t\t\t<p>A visual and olfactory signature of any getaway in the Dr\u00f4me Proven\u00e7ale, lavender is a welcome sight at Ch\u00e2teau Les Oliviers de Salettes. With its 9 hectares of lavender fields, the estate is adorned in an emblematic purple throughout the lavandin flowering season. Farming Social Club now exploits this unique resource, transforming the flowers and essential oil into cosmetic products: soaps, pillow mist and lavender sachets to enhance the experience of a stay in this Dr\u00f4me residence.<\/p>\t\t\t\t\t\t\t\t<\/div>\n\t\t\t\t<\/div>\n\t\t\t\t<\/div>\n\t\t\t\t<div class=\"elementor-element elementor-element-423ef5b elementor-widget__width-initial img-max-height elementor-widget elementor-widget-image\" data-id=\"423ef5b\" data-element_type=\"widget\" data-widget_type=\"image.default\">\n\t\t\t\t<div class=\"elementor-widget-container\">\n\t\t\t\t\t\t\t\t\t\t\t\t\t\t\t<img decoding=\"async\" width=\"1000\" height=\"1499\" src=\"https:\/\/www.the-social-club.com\/wp-content\/uploads\/2024\/03\/lavande-portrait.jpg\" class=\"attachment-full size-full wp-image-4122\" alt=\"\" srcset=\"https:\/\/www.the-social-club.com\/wp-content\/uploads\/2024\/03\/lavande-portrait.jpg 1000w, https:\/\/www.the-social-club.com\/wp-content\/uploads\/2024\/03\/lavande-portrait-200x300.jpg 200w, https:\/\/www.the-social-club.com\/wp-content\/uploads\/2024\/03\/lavande-portrait-683x1024.jpg 683w, https:\/\/www.the-social-club.com\/wp-content\/uploads\/2024\/03\/lavande-portrait-768x1151.jpg 768w, https:\/\/www.the-social-club.com\/wp-content\/uploads\/2024\/03\/lavande-portrait-8x12.jpg 8w\" sizes=\"(max-width: 1000px) 100vw, 1000px\" title=\"\">\t\t\t\t\t\t\t\t\t\t\t\t\t\t\t<\/div>\n\t\t\t\t<\/div>\n\t\t\t\t<\/div>\n\t\t<div class=\"elementor-element elementor-element-7345161 e-con-full moving-content e-flex e-con e-child\" data-id=\"7345161\" data-element_type=\"container\" data-settings=\"{&quot;background_background&quot;:&quot;classic&quot;}\">\n\t\t\t\t<div class=\"elementor-element elementor-element-0b96688 elementor-widget__width-initial img-max-height elementor-widget elementor-widget-image\" data-id=\"0b96688\" data-element_type=\"widget\" data-widget_type=\"image.default\">\n\t\t\t\t<div class=\"elementor-widget-container\">\n\t\t\t\t\t\t\t\t\t\t\t\t\t\t\t<img loading=\"lazy\" decoding=\"async\" width=\"950\" height=\"634\" src=\"https:\/\/www.the-social-club.com\/wp-content\/uploads\/2024\/03\/ruches.jpg\" class=\"attachment-full size-full wp-image-4121\" alt=\"\" srcset=\"https:\/\/www.the-social-club.com\/wp-content\/uploads\/2024\/03\/ruches.jpg 950w, https:\/\/www.the-social-club.com\/wp-content\/uploads\/2024\/03\/ruches-300x200.jpg 300w, https:\/\/www.the-social-club.com\/wp-content\/uploads\/2024\/03\/ruches-768x513.jpg 768w, https:\/\/www.the-social-club.com\/wp-content\/uploads\/2024\/03\/ruches-18x12.jpg 18w\" sizes=\"(max-width: 950px) 100vw, 950px\" title=\"\">\t\t\t\t\t\t\t\t\t\t\t\t\t\t\t<\/div>\n\t\t\t\t<\/div>\n\t\t<div class=\"elementor-element elementor-element-4288747 e-con-full e-flex e-con e-child\" data-id=\"4288747\" data-element_type=\"container\">\n\t\t\t\t<div class=\"elementor-element elementor-element-ffd6dca elementor-widget elementor-widget-heading\" data-id=\"ffd6dca\" data-element_type=\"widget\" data-widget_type=\"heading.default\">\n\t\t\t\t<div class=\"elementor-widget-container\">\n\t\t\t\t\t<span class=\"elementor-heading-title elementor-size-default\">From <i>hives <\/i>at the Ch\u00e2teau<i>\n <\/i><i>\n<\/i><\/span>\t\t\t\t<\/div>\n\t\t\t\t<\/div>\n\t\t\t\t<div class=\"elementor-element elementor-element-adcb400 elementor-widget__width-initial elementor-widget elementor-widget-text-editor\" data-id=\"adcb400\" data-element_type=\"widget\" data-widget_type=\"text-editor.default\">\n\t\t\t\t<div class=\"elementor-widget-container\">\n\t\t\t\t\t\t\t\t\t<p>Thousands of bees have taken up residence in seven hives on the Ch\u00e2teau Les Oliviers de Salettes estate in the heart of the Dr\u00f4me Proven\u00e7ale region. Farming Social Club highlights the nectar produced by these workers, harvested with the help of a Dr\u00f4me beekeeper and offered for tasting to guests of establishments in The Social Club collection. It's also a way of helping to preserve local biodiversity and combat the massive disappearance of bees.<\/p>\t\t\t\t\t\t\t\t<\/div>\n\t\t\t\t<\/div>\n\t\t\t\t<\/div>\n\t\t\t\t<\/div>\n\t\t<div class=\"elementor-element elementor-element-08a4c2c e-con-full moving-content e-flex e-con e-child\" data-id=\"08a4c2c\" data-element_type=\"container\" data-settings=\"{&quot;background_background&quot;:&quot;classic&quot;}\">\n\t\t<div class=\"elementor-element elementor-element-1a3d6f7 e-con-full e-flex e-con e-child\" data-id=\"1a3d6f7\" data-element_type=\"container\">\n\t\t\t\t<div class=\"elementor-element elementor-element-747a69a elementor-widget elementor-widget-heading\" data-id=\"747a69a\" data-element_type=\"widget\" data-widget_type=\"heading.default\">\n\t\t\t\t<div class=\"elementor-widget-container\">\n\t\t\t\t\t<span class=\"elementor-heading-title elementor-size-default\">From the <i>market gardening<\/i> <\/span>\t\t\t\t<\/div>\n\t\t\t\t<\/div>\n\t\t\t\t<div class=\"elementor-element elementor-element-8144067 elementor-widget__width-initial elementor-widget elementor-widget-text-editor\" data-id=\"8144067\" data-element_type=\"widget\" data-widget_type=\"text-editor.default\">\n\t\t\t\t<div class=\"elementor-widget-container\">\n\t\t\t\t\t\t\t\t\t<p>In the heart of the Gard region, not far from N\u00eemes, Farming Social Club is the proud owner of two hectares of market garden land. Dozens of varieties of fruit, vegetables and herbs are grown there without pesticides or weedkillers, using natural fertilisers. Freshly grown and lovingly picked, the fruits of this production can be found exclusively on the menus of the restaurants in The Social Club collection. From the earth to the plate.<\/p>\t\t\t\t\t\t\t\t<\/div>\n\t\t\t\t<\/div>\n\t\t\t\t<\/div>\n\t\t\t\t<div class=\"elementor-element elementor-element-31c04e2 elementor-widget__width-initial img-max-height elementor-widget elementor-widget-image\" data-id=\"31c04e2\" data-element_type=\"widget\" data-widget_type=\"image.default\">\n\t\t\t\t<div class=\"elementor-widget-container\">\n\t\t\t\t\t\t\t\t\t\t\t\t\t\t\t<img loading=\"lazy\" decoding=\"async\" width=\"1440\" height=\"1800\" src=\"https:\/\/www.the-social-club.com\/wp-content\/uploads\/2024\/03\/culture-maraichere.jpg\" class=\"attachment-full size-full wp-image-4119\" alt=\"\" srcset=\"https:\/\/www.the-social-club.com\/wp-content\/uploads\/2024\/03\/culture-maraichere.jpg 1440w, https:\/\/www.the-social-club.com\/wp-content\/uploads\/2024\/03\/culture-maraichere-240x300.jpg 240w, https:\/\/www.the-social-club.com\/wp-content\/uploads\/2024\/03\/culture-maraichere-819x1024.jpg 819w, https:\/\/www.the-social-club.com\/wp-content\/uploads\/2024\/03\/culture-maraichere-768x960.jpg 768w, https:\/\/www.the-social-club.com\/wp-content\/uploads\/2024\/03\/culture-maraichere-1229x1536.jpg 1229w, https:\/\/www.the-social-club.com\/wp-content\/uploads\/2024\/03\/culture-maraichere-10x12.jpg 10w\" sizes=\"(max-width: 1440px) 100vw, 1440px\" title=\"\">\t\t\t\t\t\t\t\t\t\t\t\t\t\t\t<\/div>\n\t\t\t\t<\/div>\n\t\t\t\t<\/div>\n\t\t\t\t<\/div>\n\t\t\t\t<\/div>\n\t\t\t\t<\/div>","protected":false},"excerpt":{"rendered":"<p>Farming Social Club Farming Social Club was born out of a crazy dream: to promote the riches of our terroirs, to bring out the best in what we produce ourselves. We've always been committed to local, sustainable farming, quality agriculture and the preservation of biodiversity, and today we're proud to be able to offer you a [...]<\/p>","protected":false},"author":13,"featured_media":0,"parent":0,"menu_order":0,"comment_status":"closed","ping_status":"closed","template":"","meta":{"_acf_changed":false,"inline_featured_image":false,"footnotes":""},"class_list":["post-4115","page","type-page","status-publish","hentry"],"acf":[],"_links":{"self":[{"href":"https:\/\/www.the-social-club.com\/en\/wp-json\/wp\/v2\/pages\/4115","targetHints":{"allow":["GET"]}}],"collection":[{"href":"https:\/\/www.the-social-club.com\/en\/wp-json\/wp\/v2\/pages"}],"about":[{"href":"https:\/\/www.the-social-club.com\/en\/wp-json\/wp\/v2\/types\/page"}],"author":[{"embeddable":true,"href":"https:\/\/www.the-social-club.com\/en\/wp-json\/wp\/v2\/users\/13"}],"replies":[{"embeddable":true,"href":"https:\/\/www.the-social-club.com\/en\/wp-json\/wp\/v2\/comments?post=4115"}],"version-history":[{"count":22,"href":"https:\/\/www.the-social-club.com\/en\/wp-json\/wp\/v2\/pages\/4115\/revisions"}],"predecessor-version":[{"id":4357,"href":"https:\/\/www.the-social-club.com\/en\/wp-json\/wp\/v2\/pages\/4115\/revisions\/4357"}],"wp:attachment":[{"href":"https:\/\/www.the-social-club.com\/en\/wp-json\/wp\/v2\/media?parent=4115"}],"curies":[{"name":"wp","href":"https:\/\/api.w.org\/{rel}","templated":true}]}}